{"id":73,"date":"2025-09-20T15:33:17","date_gmt":"2025-09-20T15:33:17","guid":{"rendered":"https:\/\/www.remediumpharmaceuticals.com\/?page_id=73"},"modified":"2025-10-08T15:29:57","modified_gmt":"2025-10-08T15:29:57","slug":"iron-liposomal","status":"publish","type":"page","link":"https:\/\/www.remediumpharmaceuticals.com\/index.php\/iron-liposomal\/","title":{"rendered":"Iron Liposomal"},"content":{"rendered":"\t\t<div data-elementor-type=\"wp-page\" data-elementor-id=\"73\" class=\"elementor elementor-73\" data-elementor-post-type=\"page\">\n\t\t\t\t<div class=\"elementor-element elementor-element-ce88141 e-con-full e-flex e-con e-parent\" data-id=\"ce88141\" data-element_type=\"container\">\n\t\t\t\t<div class=\"elementor-element elementor-element-b5095e0 elementor-widget elementor-widget-image\" data-id=\"b5095e0\" data-element_type=\"widget\" data-widget_type=\"image.default\">\n\t\t\t\t\t\t\t\t\t\t\t\t\t\t\t<img fetchpriority=\"high\" decoding=\"async\" width=\"1152\" height=\"648\" src=\"https:\/\/www.remediumpharmaceuticals.com\/wp-content\/uploads\/2025\/09\/Untitled-design-2.gif\" class=\"attachment-full size-full wp-image-25\" alt=\"\" \/>\t\t\t\t\t\t\t\t\t\t\t\t\t\t\t<\/div>\n\t\t\t\t<\/div>\n\t\t<div class=\"elementor-element elementor-element-0d231ea e-flex e-con-boxed e-con e-parent\" data-id=\"0d231ea\" data-element_type=\"container\">\n\t\t\t\t\t<div class=\"e-con-inner\">\n\t\t<div class=\"elementor-element elementor-element-0b89d2a e-con-full e-flex e-con e-child\" data-id=\"0b89d2a\" data-element_type=\"container\">\n\t\t\t\t<div class=\"elementor-element elementor-element-fcc4b80 elementor-widget elementor-widget-image\" data-id=\"fcc4b80\" data-element_type=\"widget\" data-widget_type=\"image.default\">\n\t\t\t\t\t\t\t\t\t\t\t\t\t\t\t<img decoding=\"async\" width=\"512\" height=\"512\" src=\"https:\/\/www.remediumpharmaceuticals.com\/wp-content\/uploads\/2025\/09\/unnamed-1.png\" class=\"attachment-large size-large wp-image-29\" alt=\"\" srcset=\"https:\/\/www.remediumpharmaceuticals.com\/wp-content\/uploads\/2025\/09\/unnamed-1.png 512w, https:\/\/www.remediumpharmaceuticals.com\/wp-content\/uploads\/2025\/09\/unnamed-1-300x300.png 300w, https:\/\/www.remediumpharmaceuticals.com\/wp-content\/uploads\/2025\/09\/unnamed-1-150x150.png 150w\" sizes=\"(max-width: 512px) 100vw, 512px\" \/>\t\t\t\t\t\t\t\t\t\t\t\t\t\t\t<\/div>\n\t\t\t\t<div class=\"elementor-element elementor-element-0827e57 elementor-widget elementor-widget-image\" data-id=\"0827e57\" data-element_type=\"widget\" data-widget_type=\"image.default\">\n\t\t\t\t\t\t\t\t\t\t\t\t\t\t\t<img decoding=\"async\" width=\"500\" height=\"500\" src=\"https:\/\/www.remediumpharmaceuticals.com\/wp-content\/uploads\/2025\/10\/adobe-express-qr-code.png\" class=\"attachment-large size-large wp-image-308\" alt=\"\" srcset=\"https:\/\/www.remediumpharmaceuticals.com\/wp-content\/uploads\/2025\/10\/adobe-express-qr-code.png 500w, https:\/\/www.remediumpharmaceuticals.com\/wp-content\/uploads\/2025\/10\/adobe-express-qr-code-300x300.png 300w, https:\/\/www.remediumpharmaceuticals.com\/wp-content\/uploads\/2025\/10\/adobe-express-qr-code-150x150.png 150w\" sizes=\"(max-width: 500px) 100vw, 500px\" \/>\t\t\t\t\t\t\t\t\t\t\t\t\t\t\t<\/div>\n\t\t\t\t<\/div>\n\t\t<div class=\"elementor-element elementor-element-2009604 e-con-full e-flex e-con e-child\" data-id=\"2009604\" data-element_type=\"container\">\n\t\t\t\t<div class=\"elementor-element elementor-element-154bd72 elementor-widget elementor-widget-heading\" data-id=\"154bd72\" data-element_type=\"widget\" data-widget_type=\"heading.default\">\n\t\t\t\t\t<h2 class=\"elementor-heading-title elementor-size-default\">Iron Liposomal\n<\/h2>\t\t\t\t<\/div>\n\t\t\t\t<div class=\"elementor-element elementor-element-b9e3a54 elementor-widget elementor-widget-heading\" data-id=\"b9e3a54\" data-element_type=\"widget\" data-widget_type=\"heading.default\">\n\t\t\t\t\t<h2 class=\"elementor-heading-title elementor-size-default\">the first liposomal iron syrup in Egypt\nthe highest absorption without any side effect\n<\/h2>\t\t\t\t<\/div>\n\t\t<div class=\"elementor-element elementor-element-a1bb337 e-con-full e-flex e-con e-child\" data-id=\"a1bb337\" data-element_type=\"container\">\n\t\t<div class=\"elementor-element elementor-element-9435bd1 e-con-full e-flex e-con e-child\" data-id=\"9435bd1\" data-element_type=\"container\">\n\t\t\t\t<div class=\"elementor-element elementor-element-595b492 elementor-widget elementor-widget-heading\" data-id=\"595b492\" data-element_type=\"widget\" data-widget_type=\"heading.default\">\n\t\t\t\t\t<h2 class=\"elementor-heading-title elementor-size-default\">Dosage form\n: Syrup 100ml\n<\/h2>\t\t\t\t<\/div>\n\t\t\t\t<\/div>\n\t\t<div class=\"elementor-element elementor-element-8b4c1b3 e-con-full e-flex e-con e-child\" data-id=\"8b4c1b3\" data-element_type=\"container\">\n\t\t\t\t<div class=\"elementor-element elementor-element-34bd3ca elementor-widget elementor-widget-heading\" data-id=\"34bd3ca\" data-element_type=\"widget\" data-widget_type=\"heading.default\">\n\t\t\t\t\t<h2 class=\"elementor-heading-title elementor-size-default\">Price\n: 150 EGP\n\n<\/h2>\t\t\t\t<\/div>\n\t\t\t\t<\/div>\n\t\t\t\t<\/div>\n\t\t\t\t<div class=\"elementor-element elementor-element-6ddb59a elementor-widget elementor-widget-text-editor\" data-id=\"6ddb59a\" data-element_type=\"widget\" data-widget_type=\"text-editor.default\">\n\t\t\t\t\t\t\t\t\t<p>\u00a0<\/p><table><tbody><tr><td><p><span style=\"font-weight: 400;\">Use<\/span><\/p><\/td><td><p><span style=\"font-weight: 400;\">\u00d8 Treatment and Prevention of iron deficiency and iron-deficiency anemia.<\/span><\/p><p><span style=\"font-weight: 400;\">\u00d8 Daily iron supplement for children with poor appetite \u00d8Supports normal cognitive function.<\/span><\/p><p><span style=\"font-weight: 400;\">\u00d8 Treatment of iron deficiency anemia caused by iron absorption disorder or in premature infants.<\/span><\/p><\/td><\/tr><tr><td><p><span style=\"font-weight: 400;\">composition<\/span><\/p><\/td><td><p><span style=\"font-weight: 400;\">liposomal Iron 20 mg \/5ml<\/span><\/p><p><span style=\"font-weight: 400;\">Vitamin B6 3mg<\/span><\/p><p><span style=\"font-weight: 400;\">Vitamin B12 2.5mcg<\/span><\/p><\/td><\/tr><\/tbody><\/table>\t\t\t\t\t\t\t\t<\/div>\n\t\t\t\t<\/div>\n\t\t\t\t\t<\/div>\n\t\t\t\t<\/div>\n\t\t\t\t<\/div>\n\t\t","protected":false},"excerpt":{"rendered":"<p>Iron Liposomal the first liposomal iron syrup in Egypt the highest absorption without any side effect Dosage form : Syrup 100ml Price : 150 EGP \u00a0 Use \u00d8 Treatment and Prevention of iron deficiency and iron-deficiency anemia. \u00d8 Daily iron supplement for children with poor appetite \u00d8Supports normal cognitive function. \u00d8 Treatment of iron deficiency [&hellip;]<\/p>\n","protected":false},"author":1,"featured_media":0,"parent":0,"menu_order":0,"comment_status":"closed","ping_status":"closed","template":"elementor_header_footer","meta":{"footnotes":""},"class_list":["post-73","page","type-page","status-publish","hentry"],"_links":{"self":[{"href":"https:\/\/www.remediumpharmaceuticals.com\/index.php\/wp-json\/wp\/v2\/pages\/73","targetHints":{"allow":["GET"]}}],"collection":[{"href":"https:\/\/www.remediumpharmaceuticals.com\/index.php\/wp-json\/wp\/v2\/pages"}],"about":[{"href":"https:\/\/www.remediumpharmaceuticals.com\/index.php\/wp-json\/wp\/v2\/types\/page"}],"author":[{"embeddable":true,"href":"https:\/\/www.remediumpharmaceuticals.com\/index.php\/wp-json\/wp\/v2\/users\/1"}],"replies":[{"embeddable":true,"href":"https:\/\/www.remediumpharmaceuticals.com\/index.php\/wp-json\/wp\/v2\/comments?post=73"}],"version-history":[{"count":16,"href":"https:\/\/www.remediumpharmaceuticals.com\/index.php\/wp-json\/wp\/v2\/pages\/73\/revisions"}],"predecessor-version":[{"id":311,"href":"https:\/\/www.remediumpharmaceuticals.com\/index.php\/wp-json\/wp\/v2\/pages\/73\/revisions\/311"}],"wp:attachment":[{"href":"https:\/\/www.remediumpharmaceuticals.com\/index.php\/wp-json\/wp\/v2\/media?parent=73"}],"curies":[{"name":"wp","href":"https:\/\/api.w.org\/{rel}","templated":true}]}}